{"id":6865,"date":"2023-05-24T17:08:54","date_gmt":"2023-05-24T15:08:54","guid":{"rendered":"https:\/\/lxp.debug.lu\/contact\/"},"modified":"2026-01-26T10:17:43","modified_gmt":"2026-01-26T09:17:43","slug":"contact","status":"publish","type":"page","link":"https:\/\/lxp.debug.lu\/fr\/contact\/","title":{"rendered":"Contact"},"content":{"rendered":"\n<h2 class=\"wp-block-heading\">Int\u00e9ress\u00e9\u00b7e ?<\/h2>\n\n\n\n<p>Nous sommes \u00e0 votre disposition pour vous aider. Chez LuxProvide, nous sommes passionn\u00e9s par l&rsquo;innovation gr\u00e2ce \u00e0 notre superordinateur MeluXina, et nous serions ravis de vous rencontrer. N&rsquo;h\u00e9sitez pas \u00e0 contacter notre \u00e9quipe pour toute demande de renseignements, collaboration ou simplement pour nous dire bonjour. Ensemble, cr\u00e9ons quelque chose d&rsquo;exceptionnel. Contactez-nous d\u00e8s aujourd&rsquo;hui et faites le premier pas vers des solutions plus intelligentes.<\/p>\n\n\n\n<div style=\"height:100px\" aria-hidden=\"true\" class=\"wp-block-spacer\"><\/div>\n\n\n\n<div class=\"wp-block-columns is-not-stacked-on-mobile wp-container-content-9cfa9a5a is-layout-flex wp-container-core-columns-is-layout-28f84493 wp-block-columns-is-layout-flex\">\n<div class=\"wp-block-column contact-icons is-layout-flow wp-container-core-column-is-layout-8a368f38 wp-block-column-is-layout-flow\" style=\"flex-basis:10%\">\n<figure class=\"wp-block-image alignright size-large is-resized picto-small w-max-35\"><img loading=\"lazy\" decoding=\"async\" width=\"88\" height=\"88\" src=\"https:\/\/lxp.debug.lu\/wp-content\/uploads\/2023\/06\/Pictogramme-06.svg\" alt=\"\" class=\"wp-image-912\" style=\"width:undefinedpx;height:50px\"\/><\/figure>\n<\/div>\n\n\n\n<div class=\"wp-block-column is-vertically-aligned-center is-layout-flow wp-block-column-is-layout-flow\" style=\"flex-basis:66.66%\">\n<p class=\"has-text-align-left has-darkblue-color has-text-color has-link-color wp-elements-16d93690a36cfa253a02ad343437d199\">info@lxp.lu<\/p>\n<\/div>\n<\/div>\n\n\n\n<div class=\"wp-block-columns is-not-stacked-on-mobile is-layout-flex wp-container-core-columns-is-layout-28f84493 wp-block-columns-is-layout-flex\">\n<div class=\"wp-block-column is-layout-flow wp-block-column-is-layout-flow\" style=\"flex-basis:10%\">\n<figure class=\"wp-block-image alignright size-large is-resized picto-small w-max-35\"><img loading=\"lazy\" decoding=\"async\" width=\"88\" height=\"88\" src=\"https:\/\/lxp.debug.lu\/wp-content\/uploads\/2023\/06\/Pictogramme-05.svg\" alt=\"\" class=\"wp-image-913\" style=\"width:undefinedpx;height:50px\"\/><\/figure>\n<\/div>\n\n\n\n<div class=\"wp-block-column is-vertically-aligned-center is-layout-flow wp-block-column-is-layout-flow\" style=\"flex-basis:66.66%\">\n<p class=\"has-darkblue-color has-text-color has-link-color wp-elements-2dfa1fc34fb91b33a83f083fda16121b\">(+352) 85 99 14<\/p>\n<\/div>\n<\/div>\n\n\n\n<div class=\"wp-block-columns is-not-stacked-on-mobile is-layout-flex wp-container-core-columns-is-layout-28f84493 wp-block-columns-is-layout-flex\">\n<div class=\"wp-block-column is-layout-flow wp-block-column-is-layout-flow\" style=\"flex-basis:10%\">\n<figure class=\"wp-block-image alignright size-thumbnail picto-small w-max-35\"><img loading=\"lazy\" decoding=\"async\" width=\"88\" height=\"88\" src=\"https:\/\/lxp.debug.lu\/wp-content\/uploads\/2023\/06\/Pictogramme-132.svg\" alt=\"\" class=\"wp-image-914\"\/><\/figure>\n<\/div>\n\n\n\n<div class=\"wp-block-column is-vertically-aligned-center is-layout-flow wp-block-column-is-layout-flow\" style=\"flex-basis:66.66%\">\n<div class=\"wp-block-columns is-layout-flex wp-container-core-columns-is-layout-28f84493 wp-block-columns-is-layout-flex\">\n<div class=\"wp-block-column is-layout-flow wp-block-column-is-layout-flow\" style=\"flex-basis:30%\">\n<p class=\"has-darkblue-color has-text-color has-link-color wp-elements-227fa7dd5681fae97dea1f623641597b\"><strong><mark style=\"background-color:rgba(0, 0, 0, 0)\" class=\"has-inline-color has-turquoise-color\">BUREAUX<\/mark><\/strong><br><mark style=\"background-color:rgba(0, 0, 0, 0)\" class=\"has-inline-color has-turquoise-color\">ATRIUM BUSINESS PARK<\/mark><br>31, Rue du Puits Romain <br>L-8070 Bertrange<br>Luxembourg<\/p>\n<\/div>\n\n\n\n<div class=\"wp-block-column is-layout-flow wp-block-column-is-layout-flow\">\n<div class=\"wp-block-luxprovide-contents-interactive-map lp-interactive-map wp-container-content-9cfa9a5a\" id=\"lux-map-block-734bfb71-e387-4c35-8a59-8245f17d5646\" data-name=\"LuxProvide\" data-latitude=\"49.60841628201459\" data-longitude=\"6.079602820385064\"><div class=\"map-container\"><\/div><\/div>\n<\/div>\n<\/div>\n\n\n\n<div class=\"wp-block-columns is-layout-flex wp-container-core-columns-is-layout-28f84493 wp-block-columns-is-layout-flex\">\n<div class=\"wp-block-column is-layout-flow wp-block-column-is-layout-flow\" style=\"flex-basis:30%\">\n<p class=\"has-darkblue-color has-text-color has-link-color wp-elements-3988e190c9f8b8c73a74671ece8c56df\"><strong><mark style=\"background-color:rgba(0, 0, 0, 0)\" class=\"has-inline-color has-turquoise-color\">MELUXINA<br>SUPERCOMPUTER<\/mark><\/strong><br><mark style=\"background-color:rgba(0, 0, 0, 0)\" class=\"has-inline-color has-turquoise-color\">LUXCONNECT DC2<\/mark><br>1 ZA et Commerciale Klengbusbierg<br>7795 Bissen<br>Luxembourg<br><\/p>\n<\/div>\n\n\n\n<div class=\"wp-block-column is-layout-flow wp-block-column-is-layout-flow\">\n<div class=\"wp-block-luxprovide-contents-interactive-map lp-interactive-map\" id=\"lux-map-block-9f731bf8-aa57-4e72-ad91-c6684365c27d\" data-name=\"MeluXina Supercomputer\" data-latitude=\"49.787597043839334\" data-longitude=\"6.089522810224599\"><div class=\"map-container\"><\/div><\/div>\n<\/div>\n<\/div>\n<\/div>\n<\/div>\n\n\n\n<h2 class=\"wp-block-heading has-darkblue-color has-text-color\">Formulaire de contact<\/h2>\n\n\n<div class=\"forminator-ui forminator-custom-form forminator-custom-form-6853 forminator-design--default  forminator_ajax\" data-forminator-render=\"0\" data-form=\"forminator-module-6853\" data-uid=\"69e233831d2a5\"><br\/><\/div><form\n\t\t\t\tid=\"forminator-module-6853\"\n\t\t\t\tclass=\"forminator-ui forminator-custom-form forminator-custom-form-6853 forminator-design--default  forminator_ajax\"\n\t\t\t\tmethod=\"post\"\n\t\t\t\tdata-forminator-render=\"0\"\n\t\t\t\tdata-form-id=\"6853\"\n\t\t\t\t data-color-option=\"theme\" data-design=\"default\" data-grid=\"open\" style=\"display: none;\"\n\t\t\t\tdata-uid=\"69e233831d2a5\"\n\t\t\t><div role=\"alert\" aria-live=\"polite\" class=\"forminator-response-message forminator-error\" aria-hidden=\"true\"><\/div><div class=\"forminator-row\"><div id=\"name-1\" class=\"forminator-field-name forminator-col forminator-col-12 \"><div class=\"forminator-row forminator-no-margin\" data-multiple=\"true\"><div class=\"forminator-col forminator-col-md-6\"><div class=\"forminator-field\"><label for=\"forminator-field-first-name-1_69e233831d2a5\" id=\"forminator-field-first-name-1_69e233831d2a5-label\" class=\"forminator-label\">Pr\u00e9nom <span class=\"forminator-required\">*<\/span><\/label><input type=\"text\" name=\"name-1-first-name\" placeholder=\"\" id=\"forminator-field-first-name-1_69e233831d2a5\" class=\"forminator-input\" aria-required=\"true\" data-multi=\"1\" autocomplete=\"given-name\" value=\"\" \/><\/div><\/div><div class=\"forminator-col forminator-col-md-6\"><div class=\"forminator-field\"><label for=\"forminator-field-last-name-1_69e233831d2a5\" id=\"forminator-field-last-name-1_69e233831d2a5-label\" class=\"forminator-label\">Nom<\/label><input type=\"text\" name=\"name-1-last-name\" placeholder=\"\" id=\"forminator-field-last-name-1_69e233831d2a5\" class=\"forminator-input\" aria-required=\"false\" data-multi=\"1\" autocomplete=\"family-name\" value=\"\" \/><\/div><\/div><\/div><\/div><\/div><div class=\"forminator-row\"><div id=\"text-1\" class=\"forminator-field-text forminator-col forminator-col-12 \"><div class=\"forminator-field\"><label for=\"forminator-field-text-1_69e233831d2a5\" id=\"forminator-field-text-1_69e233831d2a5-label\" class=\"forminator-label\">Soci\u00e9t\u00e9 <span class=\"forminator-required\">*<\/span><\/label><input type=\"text\" name=\"text-1\" value=\"\" placeholder=\"\" id=\"forminator-field-text-1_69e233831d2a5\" class=\"forminator-input forminator-name--field\" data-required=\"1\" \/><\/div><\/div><\/div><div class=\"forminator-row\"><div id=\"email-1\" class=\"forminator-field-email forminator-col forminator-col-12 \"><div class=\"forminator-field\"><label for=\"forminator-field-email-1_69e233831d2a5\" id=\"forminator-field-email-1_69e233831d2a5-label\" class=\"forminator-label\">Adresse de courriel <span class=\"forminator-required\">*<\/span><\/label><input type=\"email\" name=\"email-1\" value=\"\" placeholder=\"\" id=\"forminator-field-email-1_69e233831d2a5\" class=\"forminator-input forminator-email--field\" data-required=\"true\" aria-required=\"true\" autocomplete=\"email\" \/><\/div><\/div><\/div><div class=\"forminator-row\"><div id=\"textarea-1\" class=\"forminator-field-textarea forminator-col forminator-col-12 \"><div class=\"forminator-field\"><label for=\"forminator-field-textarea-1_69e233831d2a5\" id=\"forminator-field-textarea-1_69e233831d2a5-label\" class=\"forminator-label\">Message <span class=\"forminator-required\">*<\/span><\/label><span id=\"forminator-field-textarea-1_69e233831d2a5-description\" class=\"forminator-description\"><span data-limit=\"180\" data-type=\"characters\" data-editor=\"\">0 \/ 180<\/span><\/span><textarea name=\"textarea-1\" placeholder=\"\" id=\"forminator-field-textarea-1_69e233831d2a5\" class=\"forminator-textarea\" rows=\"6\" style=\"min-height:140px;\" maxlength=\"180\" ><\/textarea><\/div><\/div><\/div><input type=\"hidden\" name=\"referer_url\" value=\"\" \/><div class=\"forminator-row forminator-row-last\"><div class=\"forminator-col\"><div class=\"forminator-field\"><button class=\"forminator-button forminator-button-submit\">Submit<\/button><\/div><\/div><\/div><input type=\"hidden\" id=\"forminator_nonce\" name=\"forminator_nonce\" value=\"fa42b1b626\" \/><input type=\"hidden\" name=\"_wp_http_referer\" value=\"\/fr\/wp-json\/wp\/v2\/pages\/6865\" \/><input type=\"hidden\" name=\"form_id\" value=\"6853\"><input type=\"hidden\" name=\"page_id\" value=\"6865\"><input type=\"hidden\" name=\"form_type\" value=\"default\"><input type=\"hidden\" name=\"current_url\" value=\"https:\/\/lxp.debug.lu\/fr\/contact\/\"><input type=\"hidden\" name=\"render_id\" value=\"0\"><input type=\"hidden\" name=\"action\" value=\"forminator_submit_form_custom-forms\"><\/form>\n\n\n\n<div class=\"wp-block-columns d-block d-md-none has-white-background-color has-background is-layout-flex wp-container-core-columns-is-layout-28f84493 wp-block-columns-is-layout-flex\">\n<div class=\"wp-block-column is-layout-flow wp-block-column-is-layout-flow\">\n<figure class=\"wp-block-image aligncenter size-medium is-resized picto-medium\"><img loading=\"lazy\" decoding=\"async\" width=\"88\" height=\"88\" src=\"https:\/\/lxp.debug.lu\/wp-content\/uploads\/2023\/06\/Pictogramme-71.svg\" alt=\"\" class=\"wp-image-918\" style=\"width:75px;height:75px\"\/><\/figure>\n\n\n\n<p class=\"has-text-align-center has-darkblue-color has-text-color\"><strong>DOCUMENTATION<\/strong><br>(gaining access, getting started,<br>technical documentation)<\/p>\n\n\n\n<div class=\"wp-block-buttons contact-button is-content-justification-center is-layout-flex wp-container-core-buttons-is-layout-098cc607 wp-block-buttons-is-layout-flex\">\n<div class=\"wp-block-button is-style-outline round-button is-style-outline--1\"><a class=\"wp-block-button__link has-darkblue-color has-text-color wp-element-button\" href=\"https:\/\/docs.lxp.lu\/\" style=\"border-radius:100px\" target=\"_blank\" rel=\"noreferrer noopener\">&gt;<\/a><\/div>\n<\/div>\n<\/div>\n\n\n\n<div class=\"wp-block-column is-layout-flow wp-block-column-is-layout-flow\">\n<figure class=\"wp-block-image aligncenter size-medium is-resized picto-medium\"><img loading=\"lazy\" decoding=\"async\" width=\"88\" height=\"88\" src=\"https:\/\/lxp.debug.lu\/wp-content\/uploads\/2023\/06\/Pictogramme-73.svg\" alt=\"\" class=\"wp-image-921\" style=\"width:75px;height:75px\"\/><\/figure>\n\n\n\n<p class=\"has-text-align-center has-darkblue-color has-text-color\"><strong>CHECK THE<\/strong><br><strong>SYSTEM STATUS<\/strong><\/p>\n\n\n\n<div class=\"wp-block-buttons contact-button is-content-justification-center is-layout-flex wp-container-core-buttons-is-layout-098cc607 wp-block-buttons-is-layout-flex\">\n<div class=\"wp-block-button is-style-outline round-button is-style-outline--2\"><a class=\"wp-block-button__link has-darkblue-color has-text-color wp-element-button\" href=\"https:\/\/weather.lxp.lu\/\" target=\"_blank\" rel=\"noreferrer noopener\">&gt;<\/a><\/div>\n<\/div>\n<\/div>\n\n\n\n<div class=\"wp-block-column is-layout-flow wp-block-column-is-layout-flow\">\n<figure class=\"wp-block-image aligncenter size-medium is-resized picto-medium\"><img loading=\"lazy\" decoding=\"async\" width=\"88\" height=\"88\" src=\"https:\/\/lxp.debug.lu\/wp-content\/uploads\/2023\/06\/Pictogramme-75.svg\" alt=\"\" class=\"wp-image-920\" style=\"width:75px;height:75px\"\/><\/figure>\n\n\n\n<p class=\"has-text-align-center has-darkblue-color has-text-color\"><strong>GET SUPPORT<\/strong><\/p>\n\n\n\n<div class=\"wp-block-buttons contact-button is-content-justification-center is-layout-flex wp-container-core-buttons-is-layout-098cc607 wp-block-buttons-is-layout-flex\">\n<div class=\"wp-block-button is-style-outline round-button is-style-outline--3\"><a class=\"wp-block-button__link has-darkblue-color has-text-color wp-element-button\" href=\"https:\/\/servicedesk.lxp.lu\/\" style=\"border-radius:100px\">&gt;<\/a><\/div>\n<\/div>\n<\/div>\n<\/div>\n\n\n\n<div class=\"wp-block-columns is-not-stacked-on-mobile d-none d-md-flex has-white-background-color has-background is-layout-flex wp-container-core-columns-is-layout-28f84493 wp-block-columns-is-layout-flex\">\n<div class=\"wp-block-column is-layout-flow wp-block-column-is-layout-flow\">\n<figure class=\"wp-block-image aligncenter size-large picto\"><img loading=\"lazy\" decoding=\"async\" width=\"88\" height=\"88\" src=\"https:\/\/lxp.debug.lu\/wp-content\/uploads\/2023\/06\/Pictogramme-71.svg\" alt=\"\" class=\"wp-image-918\"\/><\/figure>\n\n\n\n<p class=\"has-text-align-center has-darkblue-color has-text-color\"><strong>DOCUMENTATION<\/strong><br>(gaining access, getting started,<br>technical documentation)<\/p>\n<\/div>\n\n\n\n<div class=\"wp-block-column is-layout-flow wp-block-column-is-layout-flow\">\n<figure class=\"wp-block-image aligncenter size-large picto\"><img loading=\"lazy\" decoding=\"async\" width=\"88\" height=\"88\" src=\"https:\/\/lxp.debug.lu\/wp-content\/uploads\/2023\/06\/Pictogramme-73.svg\" alt=\"\" class=\"wp-image-921\"\/><\/figure>\n\n\n\n<p class=\"has-text-align-center has-darkblue-color has-text-color\"><strong>CHECK THE<\/strong><br><strong>SYSTEM STATUS<\/strong><\/p>\n<\/div>\n\n\n\n<div class=\"wp-block-column is-layout-flow wp-block-column-is-layout-flow\">\n<figure class=\"wp-block-image aligncenter size-large picto\"><img loading=\"lazy\" decoding=\"async\" width=\"88\" height=\"88\" src=\"https:\/\/lxp.debug.lu\/wp-content\/uploads\/2023\/06\/Pictogramme-75.svg\" alt=\"\" class=\"wp-image-920\"\/><\/figure>\n\n\n\n<p class=\"has-text-align-center has-darkblue-color has-text-color\"><strong>GET SUPPORT<\/strong><\/p>\n<\/div>\n<\/div>\n\n\n\n<div class=\"wp-block-columns are-vertically-aligned-center is-not-stacked-on-mobile d-none d-md-flex has-white-background-color has-background is-layout-flex wp-container-core-columns-is-layout-28f84493 wp-block-columns-is-layout-flex\">\n<div class=\"wp-block-column is-vertically-aligned-center is-layout-flow wp-block-column-is-layout-flow\">\n<div class=\"wp-block-buttons is-content-justification-center is-layout-flex wp-container-core-buttons-is-layout-098cc607 wp-block-buttons-is-layout-flex\">\n<div class=\"wp-block-button is-style-outline round-button contact-button is-style-outline--4\"><a class=\"wp-block-button__link has-darkblue-color has-text-color wp-element-button\" href=\"https:\/\/docs.lxp.lu\/\" style=\"border-radius:100px\" target=\"_blank\" rel=\"noreferrer noopener\">&gt;<\/a><\/div>\n<\/div>\n<\/div>\n\n\n\n<div class=\"wp-block-column is-vertically-aligned-center is-layout-flow wp-block-column-is-layout-flow\">\n<div class=\"wp-block-buttons is-content-justification-center is-layout-flex wp-container-core-buttons-is-layout-098cc607 wp-block-buttons-is-layout-flex\">\n<div class=\"wp-block-button is-style-outline round-button contact-button is-style-outline--5\"><a class=\"wp-block-button__link has-darkblue-color has-text-color wp-element-button\" href=\"https:\/\/weather.lxp.lu\/\" target=\"_blank\" rel=\"noreferrer noopener\">&gt;<\/a><\/div>\n<\/div>\n<\/div>\n\n\n\n<div class=\"wp-block-column is-vertically-aligned-center is-layout-flow wp-block-column-is-layout-flow\">\n<div class=\"wp-block-buttons is-content-justification-center is-layout-flex wp-container-core-buttons-is-layout-098cc607 wp-block-buttons-is-layout-flex\">\n<div class=\"wp-block-button is-style-outline round-button contact-button is-style-outline--6\"><a class=\"wp-block-button__link has-darkblue-color has-text-color wp-element-button\" href=\"https:\/\/servicedesk.lxp.lu\/\" style=\"border-radius:100px\">&gt;<\/a><\/div>\n<\/div>\n<\/div>\n<\/div>\n","protected":false},"excerpt":{"rendered":"<p>Int\u00e9ress\u00e9\u00b7e ? Nous sommes \u00e0 votre disposition pour vous aider. Chez LuxProvide, nous sommes passionn\u00e9s par l&rsquo;innovation gr\u00e2ce \u00e0 notre superordinateur MeluXina, et nous serions ravis de vous rencontrer. N&rsquo;h\u00e9sitez &hellip;<\/p>\n","protected":false},"author":1,"featured_media":0,"parent":0,"menu_order":0,"comment_status":"closed","ping_status":"closed","template":"","meta":{"_price":"","_stock":"","_tribe_ticket_header":"","_tribe_default_ticket_provider":"","_ticket_start_date":"","_ticket_end_date":"","_tribe_ticket_show_description":"","_tribe_ticket_show_not_going":false,"_tribe_ticket_use_global_stock":"","_tribe_ticket_global_stock_level":"","_global_stock_mode":"","_global_stock_cap":"","_tribe_rsvp_for_event":"","_tribe_ticket_going_count":"","_tribe_ticket_not_going_count":"","_tribe_tickets_list":"[]","_tribe_ticket_has_attendee_info_fields":false,"_EventAllDay":false,"_EventTimezone":"","_EventStartDate":"","_EventEndDate":"","_EventStartDateUTC":"","_EventEndDateUTC":"","_EventShowMap":false,"_EventShowMapLink":false,"_EventURL":"","_EventCost":"","_EventCostDescription":"","_EventCurrencySymbol":"","_EventCurrencyCode":"","_EventCurrencyPosition":"","_EventDateTimeSeparator":"","_EventTimeRangeSeparator":"","_EventOrganizerID":[],"_EventVenueID":[],"_OrganizerEmail":"","_OrganizerPhone":"","_OrganizerWebsite":"","_VenueAddress":"","_VenueCity":"","_VenueCountry":"","_VenueProvince":"","_VenueState":"","_VenueZip":"","_VenuePhone":"","_VenueURL":"","_VenueStateProvince":"","_VenueLat":"","_VenueLng":"","_VenueShowMap":false,"_VenueShowMapLink":false,"footnotes":"","_tec_slr_enabled":"","_tec_slr_layout":""},"class_list":["post-6865","page","type-page","status-publish","hentry"],"yoast_head":"<!-- This site is optimized with the Yoast SEO plugin v26.8 - https:\/\/yoast.com\/product\/yoast-seo-wordpress\/ -->\n<title>Contact - LuxProvide (Staging)<\/title>\n<meta name=\"robots\" content=\"noindex, follow, max-snippet:-1, max-image-preview:large, max-video-preview:-1\" \/>\n<meta property=\"og:locale\" content=\"fr_FR\" \/>\n<meta property=\"og:type\" content=\"article\" \/>\n<meta property=\"og:title\" content=\"Contact - LuxProvide (Staging)\" \/>\n<meta property=\"og:description\" content=\"Int\u00e9ress\u00e9\u00b7e ? Nous sommes \u00e0 votre disposition pour vous aider. Chez LuxProvide, nous sommes passionn\u00e9s par l&rsquo;innovation gr\u00e2ce \u00e0 notre superordinateur MeluXina, et nous serions ravis de vous rencontrer. N&rsquo;h\u00e9sitez &hellip;\" \/>\n<meta property=\"og:url\" content=\"https:\/\/lxp.debug.lu\/fr\/contact\/\" \/>\n<meta property=\"og:site_name\" content=\"LuxProvide (Staging)\" \/>\n<meta property=\"article:modified_time\" content=\"2026-01-26T09:17:43+00:00\" \/>\n<meta name=\"twitter:card\" content=\"summary_large_image\" \/>\n<meta name=\"twitter:site\" content=\"@luxprovide\" \/>\n<meta name=\"twitter:label1\" content=\"Dur\u00e9e de lecture estim\u00e9e\" \/>\n\t<meta name=\"twitter:data1\" content=\"3 minutes\" \/>\n<script type=\"application\/ld+json\" class=\"yoast-schema-graph\">{\"@context\":\"https:\/\/schema.org\",\"@graph\":[{\"@type\":\"WebPage\",\"@id\":\"https:\/\/lxp.debug.lu\/fr\/contact\/\",\"url\":\"https:\/\/lxp.debug.lu\/fr\/contact\/\",\"name\":\"Contact - LuxProvide (Staging)\",\"isPartOf\":{\"@id\":\"https:\/\/lxp.debug.lu\/fr\/#website\"},\"primaryImageOfPage\":{\"@id\":\"https:\/\/lxp.debug.lu\/fr\/contact\/#primaryimage\"},\"image\":{\"@id\":\"https:\/\/lxp.debug.lu\/fr\/contact\/#primaryimage\"},\"thumbnailUrl\":\"https:\/\/lxp.debug.lu\/wp-content\/uploads\/2023\/06\/Pictogramme-06.svg\",\"datePublished\":\"2023-05-24T15:08:54+00:00\",\"dateModified\":\"2026-01-26T09:17:43+00:00\",\"breadcrumb\":{\"@id\":\"https:\/\/lxp.debug.lu\/fr\/contact\/#breadcrumb\"},\"inLanguage\":\"fr-FR\",\"potentialAction\":[{\"@type\":\"ReadAction\",\"target\":[\"https:\/\/lxp.debug.lu\/fr\/contact\/\"]}]},{\"@type\":\"ImageObject\",\"inLanguage\":\"fr-FR\",\"@id\":\"https:\/\/lxp.debug.lu\/fr\/contact\/#primaryimage\",\"url\":\"https:\/\/lxp.debug.lu\/wp-content\/uploads\/2023\/06\/Pictogramme-06.svg\",\"contentUrl\":\"https:\/\/lxp.debug.lu\/wp-content\/uploads\/2023\/06\/Pictogramme-06.svg\"},{\"@type\":\"BreadcrumbList\",\"@id\":\"https:\/\/lxp.debug.lu\/fr\/contact\/#breadcrumb\",\"itemListElement\":[{\"@type\":\"ListItem\",\"position\":1,\"name\":\"Home\",\"item\":\"https:\/\/lxp.debug.lu\/fr\/home\/\"},{\"@type\":\"ListItem\",\"position\":2,\"name\":\"Contact\"}]},{\"@type\":\"WebSite\",\"@id\":\"https:\/\/lxp.debug.lu\/fr\/#website\",\"url\":\"https:\/\/lxp.debug.lu\/fr\/\",\"name\":\"LuxProvide\",\"description\":\"Exploring the Frontiers of Digital Intelligence\",\"publisher\":{\"@id\":\"https:\/\/lxp.debug.lu\/fr\/#organization\"},\"potentialAction\":[{\"@type\":\"SearchAction\",\"target\":{\"@type\":\"EntryPoint\",\"urlTemplate\":\"https:\/\/lxp.debug.lu\/fr\/?s={search_term_string}\"},\"query-input\":{\"@type\":\"PropertyValueSpecification\",\"valueRequired\":true,\"valueName\":\"search_term_string\"}}],\"inLanguage\":\"fr-FR\"},{\"@type\":\"Organization\",\"@id\":\"https:\/\/lxp.debug.lu\/fr\/#organization\",\"name\":\"LuxProvide\",\"url\":\"https:\/\/lxp.debug.lu\/fr\/\",\"logo\":{\"@type\":\"ImageObject\",\"inLanguage\":\"fr-FR\",\"@id\":\"https:\/\/lxp.debug.lu\/fr\/#\/schema\/logo\/image\/\",\"url\":\"https:\/\/lxp.debug.lu\/wp-content\/uploads\/2023\/05\/Logo_Logo_bleu.png\",\"contentUrl\":\"https:\/\/lxp.debug.lu\/wp-content\/uploads\/2023\/05\/Logo_Logo_bleu.png\",\"width\":1084,\"height\":1084,\"caption\":\"LuxProvide\"},\"image\":{\"@id\":\"https:\/\/lxp.debug.lu\/fr\/#\/schema\/logo\/image\/\"},\"sameAs\":[\"https:\/\/x.com\/luxprovide\",\"https:\/\/www.linkedin.com\/company\/luxprovide\/\"]}]}<\/script>\n<!-- \/ Yoast SEO plugin. -->","yoast_head_json":{"title":"Contact - LuxProvide (Staging)","robots":{"index":"noindex","follow":"follow","max-snippet":"max-snippet:-1","max-image-preview":"max-image-preview:large","max-video-preview":"max-video-preview:-1"},"og_locale":"fr_FR","og_type":"article","og_title":"Contact - LuxProvide (Staging)","og_description":"Int\u00e9ress\u00e9\u00b7e ? Nous sommes \u00e0 votre disposition pour vous aider. Chez LuxProvide, nous sommes passionn\u00e9s par l&rsquo;innovation gr\u00e2ce \u00e0 notre superordinateur MeluXina, et nous serions ravis de vous rencontrer. N&rsquo;h\u00e9sitez &hellip;","og_url":"https:\/\/lxp.debug.lu\/fr\/contact\/","og_site_name":"LuxProvide (Staging)","article_modified_time":"2026-01-26T09:17:43+00:00","twitter_card":"summary_large_image","twitter_site":"@luxprovide","twitter_misc":{"Dur\u00e9e de lecture estim\u00e9e":"3 minutes"},"schema":{"@context":"https:\/\/schema.org","@graph":[{"@type":"WebPage","@id":"https:\/\/lxp.debug.lu\/fr\/contact\/","url":"https:\/\/lxp.debug.lu\/fr\/contact\/","name":"Contact - LuxProvide (Staging)","isPartOf":{"@id":"https:\/\/lxp.debug.lu\/fr\/#website"},"primaryImageOfPage":{"@id":"https:\/\/lxp.debug.lu\/fr\/contact\/#primaryimage"},"image":{"@id":"https:\/\/lxp.debug.lu\/fr\/contact\/#primaryimage"},"thumbnailUrl":"https:\/\/lxp.debug.lu\/wp-content\/uploads\/2023\/06\/Pictogramme-06.svg","datePublished":"2023-05-24T15:08:54+00:00","dateModified":"2026-01-26T09:17:43+00:00","breadcrumb":{"@id":"https:\/\/lxp.debug.lu\/fr\/contact\/#breadcrumb"},"inLanguage":"fr-FR","potentialAction":[{"@type":"ReadAction","target":["https:\/\/lxp.debug.lu\/fr\/contact\/"]}]},{"@type":"ImageObject","inLanguage":"fr-FR","@id":"https:\/\/lxp.debug.lu\/fr\/contact\/#primaryimage","url":"https:\/\/lxp.debug.lu\/wp-content\/uploads\/2023\/06\/Pictogramme-06.svg","contentUrl":"https:\/\/lxp.debug.lu\/wp-content\/uploads\/2023\/06\/Pictogramme-06.svg"},{"@type":"BreadcrumbList","@id":"https:\/\/lxp.debug.lu\/fr\/contact\/#breadcrumb","itemListElement":[{"@type":"ListItem","position":1,"name":"Home","item":"https:\/\/lxp.debug.lu\/fr\/home\/"},{"@type":"ListItem","position":2,"name":"Contact"}]},{"@type":"WebSite","@id":"https:\/\/lxp.debug.lu\/fr\/#website","url":"https:\/\/lxp.debug.lu\/fr\/","name":"LuxProvide","description":"Exploring the Frontiers of Digital Intelligence","publisher":{"@id":"https:\/\/lxp.debug.lu\/fr\/#organization"},"potentialAction":[{"@type":"SearchAction","target":{"@type":"EntryPoint","urlTemplate":"https:\/\/lxp.debug.lu\/fr\/?s={search_term_string}"},"query-input":{"@type":"PropertyValueSpecification","valueRequired":true,"valueName":"search_term_string"}}],"inLanguage":"fr-FR"},{"@type":"Organization","@id":"https:\/\/lxp.debug.lu\/fr\/#organization","name":"LuxProvide","url":"https:\/\/lxp.debug.lu\/fr\/","logo":{"@type":"ImageObject","inLanguage":"fr-FR","@id":"https:\/\/lxp.debug.lu\/fr\/#\/schema\/logo\/image\/","url":"https:\/\/lxp.debug.lu\/wp-content\/uploads\/2023\/05\/Logo_Logo_bleu.png","contentUrl":"https:\/\/lxp.debug.lu\/wp-content\/uploads\/2023\/05\/Logo_Logo_bleu.png","width":1084,"height":1084,"caption":"LuxProvide"},"image":{"@id":"https:\/\/lxp.debug.lu\/fr\/#\/schema\/logo\/image\/"},"sameAs":["https:\/\/x.com\/luxprovide","https:\/\/www.linkedin.com\/company\/luxprovide\/"]}]}},"ticketed":false,"_links":{"self":[{"href":"https:\/\/lxp.debug.lu\/fr\/wp-json\/wp\/v2\/pages\/6865","targetHints":{"allow":["GET"]}}],"collection":[{"href":"https:\/\/lxp.debug.lu\/fr\/wp-json\/wp\/v2\/pages"}],"about":[{"href":"https:\/\/lxp.debug.lu\/fr\/wp-json\/wp\/v2\/types\/page"}],"author":[{"embeddable":true,"href":"https:\/\/lxp.debug.lu\/fr\/wp-json\/wp\/v2\/users\/1"}],"replies":[{"embeddable":true,"href":"https:\/\/lxp.debug.lu\/fr\/wp-json\/wp\/v2\/comments?post=6865"}],"version-history":[{"count":3,"href":"https:\/\/lxp.debug.lu\/fr\/wp-json\/wp\/v2\/pages\/6865\/revisions"}],"predecessor-version":[{"id":6895,"href":"https:\/\/lxp.debug.lu\/fr\/wp-json\/wp\/v2\/pages\/6865\/revisions\/6895"}],"wp:attachment":[{"href":"https:\/\/lxp.debug.lu\/fr\/wp-json\/wp\/v2\/media?parent=6865"}],"curies":[{"name":"wp","href":"https:\/\/api.w.org\/{rel}","templated":true}]}}